{"id":10288,"date":"2018-07-25T15:12:12","date_gmt":"2018-07-25T15:12:12","guid":{"rendered":"https:\/\/medianeeds.es\/\/noticies\/"},"modified":"2022-08-23T12:14:45","modified_gmt":"2022-08-23T12:14:45","slug":"noticies","status":"publish","type":"page","link":"https:\/\/medianeeds.es\/es\/noticies\/","title":{"rendered":"NOTICIAS"},"content":{"rendered":"[et_pb_section fb_built=\u00bb1&#8243; custom_padding_last_edited=\u00bbon|phone\u00bb next_background_color=\u00bb#ffffff\u00bb _builder_version=\u00bb4.16&#8243; background_color=\u00bb#69247b\u00bb background_image=\u00bbhttps:\/\/medianeeds.es\/wp-content\/uploads\/2020\/10\/WhatsApp-Image-2020-10-16-at-10.01.09.jpeg\u00bb background_blend=\u00bbmultiply\u00bb custom_margin=\u00bb|||\u00bb custom_padding=\u00bb90px||175px||false|false\u00bb custom_padding_tablet=\u00bb\u00bb custom_padding_phone=\u00bb100px||185px|\u00bb bottom_divider_style=\u00bbwave2&#8243; global_colors_info=\u00bb{}\u00bb][et_pb_row _builder_version=\u00bb4.16&#8243; background_color_gradient_direction=\u00bb135deg\u00bb background_size=\u00bbinitial\u00bb background_position=\u00bbtop_left\u00bb background_repeat=\u00bbrepeat\u00bb max_width=\u00bb1063px\u00bb custom_padding=\u00bb0|0px|0|0px\u00bb animation_style=\u00bbflip\u00bb animation_direction=\u00bbbottom\u00bb animation_duration=\u00bb1250ms\u00bb animation_intensity_flip=\u00bb100%\u00bb use_custom_width=\u00bbon\u00bb custom_width_px=\u00bb1063px\u00bb global_colors_info=\u00bb{}\u00bb][et_pb_column type=\u00bb4_4&#8243; _builder_version=\u00bb4.16&#8243; custom_padding=\u00bb|||\u00bb global_colors_info=\u00bb{}\u00bb custom_padding__hover=\u00bb|||\u00bb][et_pb_text _builder_version=\u00bb4.16&#8243; header_font=\u00bb|800|||||||\u00bb header_text_align=\u00bbcenter\u00bb header_font_size=\u00bb70px\u00bb header_letter_spacing=\u00bb5px\u00bb background_color_gradient_direction=\u00bb90deg\u00bb background_layout=\u00bbdark\u00bb custom_margin=\u00bb|||\u00bb custom_padding=\u00bb30px|||\u00bb header_font_size_tablet=\u00bb52px\u00bb header_font_size_phone=\u00bb40px\u00bb header_font_size_last_edited=\u00bbon|tablet\u00bb header_text_shadow_style=\u00bbpreset3&#8243; header_text_shadow_horizontal_length=\u00bb0.03em\u00bb header_text_shadow_vertical_length=\u00bb0.03em\u00bb header_text_shadow_blur_strength=\u00bb0.01em\u00bb inline_fonts=\u00bbPT Sans Narrow\u00bb global_colors_info=\u00bb{}\u00bb]\n<h1>NUESTRO BLOG<\/h1>\n[\/et_pb_text][et_pb_text _builder_version=\u00bb4.16&#8243; text_font=\u00bb||||||||\u00bb text_text_color=\u00bb#ffffff\u00bb text_font_size=\u00bb20px\u00bb global_colors_info=\u00bb{}\u00bb]\n<p style=\"text-align: center;\">Art\u00edculos interesantes sobre m\u00e1rqueting<\/p>\n[\/et_pb_text][et_pb_code _builder_version=\u00bb4.16&#8243; _module_preset=\u00bbdefault\u00bb global_colors_info=\u00bb{}\u00bb]<span class=\"collapseomatic \" id=\"id69edfb04c0b06\"  tabindex=\"0\" title=\"\"    ><\/span><div id=\"target-id69edfb04c0b06\" class=\"collapseomatic_content \"><!-- [et_pb_line_break_holder] --><!-- [et_pb_line_break_holder] --><\/p>\n<h2> Noticias <\/p>\n<h2><!-- [et_pb_line_break_holder] -->  <!-- [et_pb_line_break_holder] -->En Media Needs creemos que tener un apartado de noticias es muy importante, de esta manera no solo tenemos informados a nuestros clientes sobre las novedades, adem\u00e1s tambi\u00e9n les damos informaci\u00f3n sobre promociones y noticias de inter\u00e9s sobre el sector.<!-- [et_pb_line_break_holder] --><!-- [et_pb_line_break_holder] -->En este apartado, encontrar\u00e9is tanto blogs informativos sobre tem\u00e1tica referida al mundo del m\u00e1rquetin y la comunicaci\u00f3n, como noticias sobre la propia empresa, como puede ser novedades, nuevos proyectos, presentaciones, etc.<!-- [et_pb_line_break_holder] --><!-- [et_pb_line_break_holder] -->Contar con un apartado de noticias sirve como puente entre el cliente y la empresa, manteniendo as\u00ed el contacto y dando un trato algo m\u00e1s personal y trasparente respecto a los que haceres empresariales.<!-- [et_pb_line_break_holder] --><!-- [et_pb_line_break_holder] -->En estos tiempos dif\u00edciles, el apartado de noticias tambi\u00e9n puede ser una opci\u00f3n interesante para todos aquellos curiosos y fan\u00e1ticos del m\u00e1rquetin y la comunicaci\u00f3n, que busquen entretenimiento.<!-- [et_pb_line_break_holder] --><!-- [et_pb_line_break_holder] -->Los blogs, al igual que el resto de medios sociales, son canales de difusi\u00f3n de contenido que nos van a permitir conectar e interactuar con la audiencia de nuestra organizaci\u00f3n. Tener un blog no va a asegurarnos ning\u00fan tipo de \u00e9xito, sino que el \u00e9xito vendr\u00e1 dado por la calidad del contenido que se publique en \u00e9l y su presencia en los medios sociales y los principales buscadores.<!-- [et_pb_line_break_holder] --><!-- [et_pb_line_break_holder] -->Adem\u00e1s de que muchos de nuestros blogs, pueden servir de gu\u00eda para realizar proyectos propios de comunicaci\u00f3n o gesti\u00f3n de redes, web, etc. Estos apuntes han estado realizados por nuestros profesionales del sector, por tanto, pueden ser una herramienta excelente para tener en cuenta.<!-- [et_pb_line_break_holder] --><!-- [et_pb_line_break_holder] -->Nuestros redactores se encargan de buscar informaci\u00f3n de inter\u00e9s y plasmarla mediante un vocabulario cercano y entendible, para que cualquiera pueda familiarizarse con el mundo del m\u00e1rquetin.<!-- [et_pb_line_break_holder] --><!-- [et_pb_line_break_holder] -->El blog sigue un calendario editorial y peri\u00f3dico, adem\u00e1s de adaptarnos a las fechas importantes para planificar nuestra estrategia de contenidos. <!-- [et_pb_line_break_holder] --><!-- [et_pb_line_break_holder] -->Hasta aqu\u00ed nuestro apartado de noticias. <!-- [et_pb_line_break_holder] --><!-- [et_pb_line_break_holder] --><!-- [et_pb_line_break_holder] --><\/div>[\/et_pb_code][\/et_pb_column][\/et_pb_row][\/et_pb_section][et_pb_section fb_built=\u00bb1&#8243; _builder_version=\u00bb4.16&#8243; custom_padding=\u00bb59px|0px|52px|0px|false|false\u00bb bottom_divider_color=\u00bb#500b67&#8243; global_colors_info=\u00bb{}\u00bb][et_pb_row _builder_version=\u00bb4.16&#8243; custom_padding=\u00bb29px|0px|0|0px|false|false\u00bb animation_style=\u00bbfade\u00bb global_colors_info=\u00bb{}\u00bb][et_pb_column type=\u00bb4_4&#8243; _builder_version=\u00bb4.16&#8243; custom_padding=\u00bb|||\u00bb global_colors_info=\u00bb{}\u00bb custom_padding__hover=\u00bb|||\u00bb][et_pb_text _builder_version=\u00bb4.16&#8243; text_font=\u00bb||||||||\u00bb text_text_color=\u00bb#500b67&#8243; header_2_font=\u00bb|600|||||||\u00bb header_2_text_align=\u00bbleft\u00bb header_2_text_color=\u00bb#00aaa2&#8243; header_2_font_size=\u00bb36px\u00bb text_orientation=\u00bbcenter\u00bb custom_margin=\u00bb||25px|\u00bb header_2_font_size_tablet=\u00bb\u00bb header_2_font_size_phone=\u00bb30px\u00bb header_2_font_size_last_edited=\u00bbon|phone\u00bb global_colors_info=\u00bb{}\u00bb]\n<h2 style=\"text-align: center;\"><span color=\"#760d86\" style=\"color: #500b67;\">art\u00edculos destacados<\/span><\/h2>\n[\/et_pb_text][\/et_pb_column][\/et_pb_row][et_pb_row use_custom_gutter=\u00bbon\u00bb gutter_width=\u00bb2&#8243; _builder_version=\u00bb4.16&#8243; background_size=\u00bbinitial\u00bb background_position=\u00bbtop_left\u00bb background_repeat=\u00bbrepeat\u00bb global_colors_info=\u00bb{}\u00bb][et_pb_column type=\u00bb4_4&#8243; _builder_version=\u00bb4.16&#8243; custom_padding=\u00bb|||\u00bb global_colors_info=\u00bb{}\u00bb custom_padding__hover=\u00bb|||\u00bb][et_pb_blog fullwidth=\u00bboff\u00bb posts_number=\u00bb1000&#8243; include_categories=\u00bb252&#8243; show_more=\u00bbon\u00bb show_pagination=\u00bboff\u00bb _builder_version=\u00bb4.16&#8243; header_level=\u00bbh6&#8243; header_font=\u00bb||||||||\u00bb header_font_size=\u00bb18px\u00bb header_line_height=\u00bb1.5em\u00bb body_font=\u00bbRubik|300|||||||\u00bb body_text_align=\u00bbleft\u00bb meta_font=\u00bb||||||||\u00bb meta_text_align=\u00bbleft\u00bb pagination_font=\u00bb||||||||\u00bb global_colors_info=\u00bb{}\u00bb][\/et_pb_blog][\/et_pb_column][\/et_pb_row][\/et_pb_section][et_pb_section fb_built=\u00bb1&#8243; prev_background_color=\u00bb#ffffff\u00bb _builder_version=\u00bb4.16&#8243; background_enable_color=\u00bboff\u00bb use_background_color_gradient=\u00bbon\u00bb background_color_gradient_direction=\u00bb109deg\u00bb background_color_gradient_stops=\u00bb#69247b 0%|#e6007e 100%\u00bb background_color_gradient_start=\u00bb#69247b\u00bb background_color_gradient_end=\u00bb#e6007e\u00bb custom_padding=\u00bb78px|0px|59px|0px|false|false\u00bb top_divider_style=\u00bbramp2&#8243; top_divider_flip=\u00bbhorizontal|vertical\u00bb top_divider_arrangement=\u00bbabove_content\u00bb global_colors_info=\u00bb{}\u00bb][et_pb_row column_structure=\u00bb3_4,1_4&#8243; _builder_version=\u00bb4.16&#8243; _module_preset=\u00bbdefault\u00bb global_colors_info=\u00bb{}\u00bb][et_pb_column type=\u00bb3_4&#8243; _builder_version=\u00bb4.16&#8243; _module_preset=\u00bbdefault\u00bb global_colors_info=\u00bb{}\u00bb][et_pb_text _builder_version=\u00bb4.16&#8243; header_font=\u00bb||||||||\u00bb header_2_font=\u00bb|600|||||||\u00bb header_2_text_align=\u00bbleft\u00bb header_2_text_color=\u00bb#00aaa2&#8243; header_2_font_size=\u00bb36px\u00bb header_2_letter_spacing=\u00bb2px\u00bb custom_margin=\u00bb||25px|\u00bb header_2_font_size_tablet=\u00bb\u00bb header_2_font_size_phone=\u00bb30px\u00bb header_2_font_size_last_edited=\u00bbon|phone\u00bb inline_fonts=\u00bbPT Sans Narrow\u00bb global_colors_info=\u00bb{}\u00bb]\n<h2 style=\"text-align: left;\"><span style=\"color: #ffffff;\">Escr\u00edbenos<\/span><\/h2>\n<p><span style=\"color: #ffffff;\">\u00a1Estaremos encantados de hablar contigo!<\/span>[\/et_pb_text][et_pb_contact_form email=\u00bbinfo@medianeeds.es\u00bb success_message=\u00bbMail enviado correctamente\u00bb submit_button_text=\u00bbEnviar\u00bb _builder_version=\u00bb4.16&#8243; _module_preset=\u00bbdefault\u00bb _unique_id=\u00bb6f1a9e9a-2df0-4459-9359-805235e76e88&#8243; form_field_background_color=\u00bb#ffffff\u00bb title_text_color=\u00bb#ffffff\u00bb custom_button=\u00bbon\u00bb global_colors_info=\u00bb{}\u00bb captcha_text_color=\u00bb#ffffff\u00bb][et_pb_contact_field field_id=\u00bbNombre\u00bb field_title=\u00bbNombre*\u00bb _builder_version=\u00bb4.16&#8243; global_colors_info=\u00bb{}\u00bb button_text_size__hover_enabled=\u00bboff\u00bb button_one_text_size__hover_enabled=\u00bboff\u00bb button_two_text_size__hover_enabled=\u00bboff\u00bb button_text_color__hover_enabled=\u00bboff\u00bb button_one_text_color__hover_enabled=\u00bboff\u00bb button_two_text_color__hover_enabled=\u00bboff\u00bb button_border_width__hover_enabled=\u00bboff\u00bb button_one_border_width__hover_enabled=\u00bboff\u00bb button_two_border_width__hover_enabled=\u00bboff\u00bb button_border_color__hover_enabled=\u00bboff\u00bb button_one_border_color__hover_enabled=\u00bboff\u00bb button_two_border_color__hover_enabled=\u00bboff\u00bb button_border_radius__hover_enabled=\u00bboff\u00bb button_one_border_radius__hover_enabled=\u00bboff\u00bb button_two_border_radius__hover_enabled=\u00bboff\u00bb button_letter_spacing__hover_enabled=\u00bboff\u00bb button_one_letter_spacing__hover_enabled=\u00bboff\u00bb button_two_letter_spacing__hover_enabled=\u00bboff\u00bb button_bg_color__hover_enabled=\u00bboff\u00bb button_one_bg_color__hover_enabled=\u00bboff\u00bb button_two_bg_color__hover_enabled=\u00bboff\u00bb][\/et_pb_contact_field][et_pb_contact_field field_id=\u00bbApellidos\u00bb field_title=\u00bbApellidos*\u00bb _builder_version=\u00bb4.16&#8243; global_colors_info=\u00bb{}\u00bb button_text_size__hover_enabled=\u00bboff\u00bb button_one_text_size__hover_enabled=\u00bboff\u00bb button_two_text_size__hover_enabled=\u00bboff\u00bb button_text_color__hover_enabled=\u00bboff\u00bb button_one_text_color__hover_enabled=\u00bboff\u00bb button_two_text_color__hover_enabled=\u00bboff\u00bb button_border_width__hover_enabled=\u00bboff\u00bb button_one_border_width__hover_enabled=\u00bboff\u00bb button_two_border_width__hover_enabled=\u00bboff\u00bb button_border_color__hover_enabled=\u00bboff\u00bb button_one_border_color__hover_enabled=\u00bboff\u00bb button_two_border_color__hover_enabled=\u00bboff\u00bb button_border_radius__hover_enabled=\u00bboff\u00bb button_one_border_radius__hover_enabled=\u00bboff\u00bb button_two_border_radius__hover_enabled=\u00bboff\u00bb button_letter_spacing__hover_enabled=\u00bboff\u00bb button_one_letter_spacing__hover_enabled=\u00bboff\u00bb button_two_letter_spacing__hover_enabled=\u00bboff\u00bb button_bg_color__hover_enabled=\u00bboff\u00bb button_one_bg_color__hover_enabled=\u00bboff\u00bb button_two_bg_color__hover_enabled=\u00bboff\u00bb][\/et_pb_contact_field][et_pb_contact_field field_id=\u00bbEmail\u00bb field_title=\u00bbEmail*\u00bb field_type=\u00bbemail\u00bb fullwidth_field=\u00bbon\u00bb _builder_version=\u00bb4.16&#8243; global_colors_info=\u00bb{}\u00bb button_text_size__hover_enabled=\u00bboff\u00bb button_one_text_size__hover_enabled=\u00bboff\u00bb button_two_text_size__hover_enabled=\u00bboff\u00bb button_text_color__hover_enabled=\u00bboff\u00bb button_one_text_color__hover_enabled=\u00bboff\u00bb button_two_text_color__hover_enabled=\u00bboff\u00bb button_border_width__hover_enabled=\u00bboff\u00bb button_one_border_width__hover_enabled=\u00bboff\u00bb button_two_border_width__hover_enabled=\u00bboff\u00bb button_border_color__hover_enabled=\u00bboff\u00bb button_one_border_color__hover_enabled=\u00bboff\u00bb button_two_border_color__hover_enabled=\u00bboff\u00bb button_border_radius__hover_enabled=\u00bboff\u00bb button_one_border_radius__hover_enabled=\u00bboff\u00bb button_two_border_radius__hover_enabled=\u00bboff\u00bb button_letter_spacing__hover_enabled=\u00bboff\u00bb button_one_letter_spacing__hover_enabled=\u00bboff\u00bb button_two_letter_spacing__hover_enabled=\u00bboff\u00bb button_bg_color__hover_enabled=\u00bboff\u00bb button_one_bg_color__hover_enabled=\u00bboff\u00bb button_two_bg_color__hover_enabled=\u00bboff\u00bb][\/et_pb_contact_field][et_pb_contact_field field_id=\u00bbMensaje\u00bb field_title=\u00bbMensaje*\u00bb field_type=\u00bbtext\u00bb fullwidth_field=\u00bbon\u00bb _builder_version=\u00bb4.16&#8243; global_colors_info=\u00bb{}\u00bb button_text_size__hover_enabled=\u00bboff\u00bb button_one_text_size__hover_enabled=\u00bboff\u00bb button_two_text_size__hover_enabled=\u00bboff\u00bb button_text_color__hover_enabled=\u00bboff\u00bb button_one_text_color__hover_enabled=\u00bboff\u00bb button_two_text_color__hover_enabled=\u00bboff\u00bb button_border_width__hover_enabled=\u00bboff\u00bb button_one_border_width__hover_enabled=\u00bboff\u00bb button_two_border_width__hover_enabled=\u00bboff\u00bb button_border_color__hover_enabled=\u00bboff\u00bb button_one_border_color__hover_enabled=\u00bboff\u00bb button_two_border_color__hover_enabled=\u00bboff\u00bb button_border_radius__hover_enabled=\u00bboff\u00bb button_one_border_radius__hover_enabled=\u00bboff\u00bb button_two_border_radius__hover_enabled=\u00bboff\u00bb button_letter_spacing__hover_enabled=\u00bboff\u00bb button_one_letter_spacing__hover_enabled=\u00bboff\u00bb button_two_letter_spacing__hover_enabled=\u00bboff\u00bb button_bg_color__hover_enabled=\u00bboff\u00bb button_one_bg_color__hover_enabled=\u00bboff\u00bb button_two_bg_color__hover_enabled=\u00bboff\u00bb][\/et_pb_contact_field][et_pb_contact_field field_id=\u00bbProtecci\u00f3_de_dades\u00bb field_title=\u00bb \u00bb field_type=\u00bbcheckbox\u00bb checkbox_options=\u00bb%91{%22value%22:%22He le\u00eddo y acepto la cl\u00e1usula de informaci\u00f3n sobre la protecci\u00f3n de datos%22,%22checked%22:0,%22dragID%22:-1,%22link_url%22:%22http:\/\/medianeeds.es\/docu\/catala\/contactecat.pdf%22},{%22value%22:%22Autorizo el tratamiento de mis datos para recibir informaci\u00f3n por medios electr\u00f3nicos%22,%22checked%22:0,%22dragID%22:0}%93&#8243; fullwidth_field=\u00bbon\u00bb _builder_version=\u00bb4.16&#8243; _module_preset=\u00bbdefault\u00bb form_field_background_color=\u00bb#e6007e\u00bb form_field_text_color=\u00bb#ffffff\u00bb global_colors_info=\u00bb{}\u00bb][\/et_pb_contact_field][\/et_pb_contact_form][\/et_pb_column][et_pb_column type=\u00bb1_4&#8243; _builder_version=\u00bb4.16&#8243; _module_preset=\u00bbdefault\u00bb global_colors_info=\u00bb{}\u00bb][et_pb_image src=\u00bbhttps:\/\/medianeeds.es\/wp-content\/uploads\/2019\/01\/Segell-2017-13-CAT-Web-Adequada-1.png\u00bb _builder_version=\u00bb4.16&#8243; _module_preset=\u00bbdefault\u00bb custom_margin=\u00bb100px||||false|false\u00bb global_colors_info=\u00bb{}\u00bb][\/et_pb_image][\/et_pb_column][\/et_pb_row][\/et_pb_section]\n","protected":false},"excerpt":{"rendered":"<p>NUESTRO BLOGArt\u00edculos interesantes sobre m\u00e1rqueting<span class=\"collapseomatic \" id=\"id69edfb04c8e89\"  tabindex=\"0\" title=\"\"    ><\/span> Noticias En Media Needs creemos que tener un apartado de noticias es muy importante, de esta manera no solo tenemos informados a nuestros clientes sobre las novedades, adem\u00e1s tambi\u00e9n les damos informaci\u00f3n sobre promociones y noticias de inter\u00e9s sobre el sector.En este apartado, encontrar\u00e9is tanto blogs informativos sobre tem\u00e1tica [&hellip;]<\/p>\n","protected":false},"author":1,"featured_media":0,"parent":0,"menu_order":0,"comment_status":"closed","ping_status":"closed","template":"","meta":{"_et_pb_use_builder":"on","_et_pb_old_content":"","_et_gb_content_width":"","footnotes":""},"class_list":["post-10288","page","type-page","status-publish","hentry"],"yoast_head":"<!-- This site is optimized with the Yoast SEO plugin v27.4 - https:\/\/yoast.com\/product\/yoast-seo-wordpress\/ -->\n<title>NOTICIAS - MediaNeeds Reus - Agencia de comunicaci\u00f3n<\/title>\n<meta name=\"description\" content=\"En Media Needs creemos que tener un apartado de noticias es muy importante, de esta manera no solo tenemos informados a nuestros clientes.\" \/>\n<meta name=\"robots\" content=\"index, follow, max-snippet:-1, max-image-preview:large, max-video-preview:-1\" \/>\n<link rel=\"canonical\" href=\"https:\/\/medianeeds.es\/noticies\/\" \/>\n<meta property=\"og:locale\" content=\"es_ES\" \/>\n<meta property=\"og:type\" content=\"article\" \/>\n<meta property=\"og:title\" content=\"NOTICIAS - MediaNeeds Reus - Agencia de comunicaci\u00f3n\" \/>\n<meta property=\"og:description\" content=\"En Media Needs creemos que tener un apartado de noticias es muy importante, de esta manera no solo tenemos informados a nuestros clientes.\" \/>\n<meta property=\"og:url\" content=\"https:\/\/medianeeds.es\/noticies\/\" \/>\n<meta property=\"og:site_name\" content=\"M\u00e0rketing Reus | Media Needs Reus | Ag\u00e8ncia de publicitat Reus\" \/>\n<meta property=\"article:publisher\" content=\"https:\/\/www.facebook.com\/medianeeds.es\/\" \/>\n<meta property=\"article:modified_time\" content=\"2022-08-23T12:14:45+00:00\" \/>\n<meta property=\"og:image\" content=\"https:\/\/medianeeds.es\/wp-content\/uploads\/2024\/05\/young-female-logo-designer-working-graphic-tablet.jpg\" \/>\n\t<meta property=\"og:image:width\" content=\"1500\" \/>\n\t<meta property=\"og:image:height\" content=\"1000\" \/>\n\t<meta property=\"og:image:type\" content=\"image\/jpeg\" \/>\n<meta name=\"twitter:label1\" content=\"Tiempo de lectura\" \/>\n\t<meta name=\"twitter:data1\" content=\"9 minutos\" \/>\n<script type=\"application\/ld+json\" class=\"yoast-schema-graph\">{\"@context\":\"https:\\\/\\\/schema.org\",\"@graph\":[{\"@type\":\"WebPage\",\"@id\":\"https:\\\/\\\/medianeeds.es\\\/noticies\\\/\",\"url\":\"https:\\\/\\\/medianeeds.es\\\/noticies\\\/\",\"name\":\"NOTICIAS - MediaNeeds Reus - Agencia de comunicaci\u00f3n\",\"isPartOf\":{\"@id\":\"https:\\\/\\\/medianeeds.es\\\/#website\"},\"datePublished\":\"2018-07-25T15:12:12+00:00\",\"dateModified\":\"2022-08-23T12:14:45+00:00\",\"description\":\"En Media Needs creemos que tener un apartado de noticias es muy importante, de esta manera no solo tenemos informados a nuestros clientes.\",\"breadcrumb\":{\"@id\":\"https:\\\/\\\/medianeeds.es\\\/noticies\\\/#breadcrumb\"},\"inLanguage\":\"es\",\"potentialAction\":[{\"@type\":\"ReadAction\",\"target\":[\"https:\\\/\\\/medianeeds.es\\\/noticies\\\/\"]}]},{\"@type\":\"BreadcrumbList\",\"@id\":\"https:\\\/\\\/medianeeds.es\\\/noticies\\\/#breadcrumb\",\"itemListElement\":[{\"@type\":\"ListItem\",\"position\":1,\"name\":\"Portada\",\"item\":\"https:\\\/\\\/medianeeds.es\\\/\"},{\"@type\":\"ListItem\",\"position\":2,\"name\":\"NOTICIAS\"}]},{\"@type\":\"WebSite\",\"@id\":\"https:\\\/\\\/medianeeds.es\\\/#website\",\"url\":\"https:\\\/\\\/medianeeds.es\\\/\",\"name\":\"M\u00e0rketing Reus | Media Needs Reus | Ag\u00e8ncia de publicitat Reus\",\"description\":\"MediaNeeds \u00e9s una empresa especialitzada en serveis integrals de publicitat, m\u00e0rqueting on-line i community manager a Reus, Tarragona\",\"publisher\":{\"@id\":\"https:\\\/\\\/medianeeds.es\\\/#organization\"},\"alternateName\":\"Media Needs\",\"potentialAction\":[{\"@type\":\"SearchAction\",\"target\":{\"@type\":\"EntryPoint\",\"urlTemplate\":\"https:\\\/\\\/medianeeds.es\\\/?s={search_term_string}\"},\"query-input\":{\"@type\":\"PropertyValueSpecification\",\"valueRequired\":true,\"valueName\":\"search_term_string\"}}],\"inLanguage\":\"es\"},{\"@type\":\"Organization\",\"@id\":\"https:\\\/\\\/medianeeds.es\\\/#organization\",\"name\":\"M\u00e0rketing Reus | Media Needs Reus | Ag\u00e8ncia de publicitat Reus\",\"alternateName\":\"Media Needs\",\"url\":\"https:\\\/\\\/medianeeds.es\\\/\",\"logo\":{\"@type\":\"ImageObject\",\"inLanguage\":\"es\",\"@id\":\"https:\\\/\\\/medianeeds.es\\\/#\\\/schema\\\/logo\\\/image\\\/\",\"url\":\"https:\\\/\\\/medianeeds.es\\\/wp-content\\\/uploads\\\/2024\\\/06\\\/COLOR_Mesa-de-trabajo-1-copia.png\",\"contentUrl\":\"https:\\\/\\\/medianeeds.es\\\/wp-content\\\/uploads\\\/2024\\\/06\\\/COLOR_Mesa-de-trabajo-1-copia.png\",\"width\":470,\"height\":226,\"caption\":\"M\u00e0rketing Reus | Media Needs Reus | Ag\u00e8ncia de publicitat Reus\"},\"image\":{\"@id\":\"https:\\\/\\\/medianeeds.es\\\/#\\\/schema\\\/logo\\\/image\\\/\"},\"sameAs\":[\"https:\\\/\\\/www.facebook.com\\\/medianeeds.es\\\/\",\"https:\\\/\\\/x.com\\\/media_needs\",\"https:\\\/\\\/www.instagram.com\\\/medianeeds\\\/?hl=es\"]}]}<\/script>\n<!-- \/ Yoast SEO plugin. -->","yoast_head_json":{"title":"NOTICIAS - MediaNeeds Reus - Agencia de comunicaci\u00f3n","description":"En Media Needs creemos que tener un apartado de noticias es muy importante, de esta manera no solo tenemos informados a nuestros clientes.","robots":{"index":"index","follow":"follow","max-snippet":"max-snippet:-1","max-image-preview":"max-image-preview:large","max-video-preview":"max-video-preview:-1"},"canonical":"https:\/\/medianeeds.es\/noticies\/","og_locale":"es_ES","og_type":"article","og_title":"NOTICIAS - MediaNeeds Reus - Agencia de comunicaci\u00f3n","og_description":"En Media Needs creemos que tener un apartado de noticias es muy importante, de esta manera no solo tenemos informados a nuestros clientes.","og_url":"https:\/\/medianeeds.es\/noticies\/","og_site_name":"M\u00e0rketing Reus | Media Needs Reus | Ag\u00e8ncia de publicitat Reus","article_publisher":"https:\/\/www.facebook.com\/medianeeds.es\/","article_modified_time":"2022-08-23T12:14:45+00:00","og_image":[{"width":1500,"height":1000,"url":"https:\/\/medianeeds.es\/wp-content\/uploads\/2024\/05\/young-female-logo-designer-working-graphic-tablet.jpg","type":"image\/jpeg"}],"twitter_misc":{"Tiempo de lectura":"9 minutos"},"schema":{"@context":"https:\/\/schema.org","@graph":[{"@type":"WebPage","@id":"https:\/\/medianeeds.es\/noticies\/","url":"https:\/\/medianeeds.es\/noticies\/","name":"NOTICIAS - MediaNeeds Reus - Agencia de comunicaci\u00f3n","isPartOf":{"@id":"https:\/\/medianeeds.es\/#website"},"datePublished":"2018-07-25T15:12:12+00:00","dateModified":"2022-08-23T12:14:45+00:00","description":"En Media Needs creemos que tener un apartado de noticias es muy importante, de esta manera no solo tenemos informados a nuestros clientes.","breadcrumb":{"@id":"https:\/\/medianeeds.es\/noticies\/#breadcrumb"},"inLanguage":"es","potentialAction":[{"@type":"ReadAction","target":["https:\/\/medianeeds.es\/noticies\/"]}]},{"@type":"BreadcrumbList","@id":"https:\/\/medianeeds.es\/noticies\/#breadcrumb","itemListElement":[{"@type":"ListItem","position":1,"name":"Portada","item":"https:\/\/medianeeds.es\/"},{"@type":"ListItem","position":2,"name":"NOTICIAS"}]},{"@type":"WebSite","@id":"https:\/\/medianeeds.es\/#website","url":"https:\/\/medianeeds.es\/","name":"M\u00e0rketing Reus | Media Needs Reus | Ag\u00e8ncia de publicitat Reus","description":"MediaNeeds \u00e9s una empresa especialitzada en serveis integrals de publicitat, m\u00e0rqueting on-line i community manager a Reus, Tarragona","publisher":{"@id":"https:\/\/medianeeds.es\/#organization"},"alternateName":"Media Needs","potentialAction":[{"@type":"SearchAction","target":{"@type":"EntryPoint","urlTemplate":"https:\/\/medianeeds.es\/?s={search_term_string}"},"query-input":{"@type":"PropertyValueSpecification","valueRequired":true,"valueName":"search_term_string"}}],"inLanguage":"es"},{"@type":"Organization","@id":"https:\/\/medianeeds.es\/#organization","name":"M\u00e0rketing Reus | Media Needs Reus | Ag\u00e8ncia de publicitat Reus","alternateName":"Media Needs","url":"https:\/\/medianeeds.es\/","logo":{"@type":"ImageObject","inLanguage":"es","@id":"https:\/\/medianeeds.es\/#\/schema\/logo\/image\/","url":"https:\/\/medianeeds.es\/wp-content\/uploads\/2024\/06\/COLOR_Mesa-de-trabajo-1-copia.png","contentUrl":"https:\/\/medianeeds.es\/wp-content\/uploads\/2024\/06\/COLOR_Mesa-de-trabajo-1-copia.png","width":470,"height":226,"caption":"M\u00e0rketing Reus | Media Needs Reus | Ag\u00e8ncia de publicitat Reus"},"image":{"@id":"https:\/\/medianeeds.es\/#\/schema\/logo\/image\/"},"sameAs":["https:\/\/www.facebook.com\/medianeeds.es\/","https:\/\/x.com\/media_needs","https:\/\/www.instagram.com\/medianeeds\/?hl=es"]}]}},"_links":{"self":[{"href":"https:\/\/medianeeds.es\/es\/wp-json\/wp\/v2\/pages\/10288","targetHints":{"allow":["GET"]}}],"collection":[{"href":"https:\/\/medianeeds.es\/es\/wp-json\/wp\/v2\/pages"}],"about":[{"href":"https:\/\/medianeeds.es\/es\/wp-json\/wp\/v2\/types\/page"}],"author":[{"embeddable":true,"href":"https:\/\/medianeeds.es\/es\/wp-json\/wp\/v2\/users\/1"}],"replies":[{"embeddable":true,"href":"https:\/\/medianeeds.es\/es\/wp-json\/wp\/v2\/comments?post=10288"}],"version-history":[{"count":13,"href":"https:\/\/medianeeds.es\/es\/wp-json\/wp\/v2\/pages\/10288\/revisions"}],"predecessor-version":[{"id":17336,"href":"https:\/\/medianeeds.es\/es\/wp-json\/wp\/v2\/pages\/10288\/revisions\/17336"}],"wp:attachment":[{"href":"https:\/\/medianeeds.es\/es\/wp-json\/wp\/v2\/media?parent=10288"}],"curies":[{"name":"wp","href":"https:\/\/api.w.org\/{rel}","templated":true}]}}